{"id":150,"date":"2025-10-31T13:43:08","date_gmt":"2025-10-31T12:43:08","guid":{"rendered":"https:\/\/www.maui-restaurant.de\/blog\/?page_id=150"},"modified":"2025-10-31T13:45:51","modified_gmt":"2025-10-31T12:45:51","slug":"startseite","status":"publish","type":"page","link":"https:\/\/www.maui-restaurant.de\/blog\/","title":{"rendered":"Startseite"},"content":{"rendered":"\n<main class=\"wp-block-group blog-two-columns has-global-padding is-layout-constrained wp-block-group-is-layout-constrained\">\n<div class=\"wp-block-query alignwide has-global-padding is-layout-constrained wp-container-core-query-is-layout-db9edeb8 wp-block-query-is-layout-constrained\"><ul class=\"alignwide wp-block-post-template is-layout-flow wp-block-post-template-is-layout-flow\"><li class=\"wp-block-post post-684 post type-post status-publish format-standard has-post-thumbnail hentry category-allgemein\">\n\n<div class=\"wp-block-group alignwide is-nowrap is-layout-flex wp-container-core-group-is-layout-2b175ab0 wp-block-group-is-layout-flex\" style=\"border-bottom-color:var(--wp--preset--color--tertiary);border-bottom-width:1px;margin-bottom:40px;padding-top:0px;padding-bottom:40px\"><figure style=\"height:350px;\" class=\"alignwide wp-block-post-featured-image\"><a href=\"https:\/\/www.maui-restaurant.de\/blog\/sommer-neuhausen-leichte-kueche\/\" target=\"_self\" style=\"height:350px\"><img loading=\"lazy\" decoding=\"async\" width=\"900\" height=\"675\" src=\"https:\/\/www.maui-restaurant.de\/blog\/wp-content\/uploads\/2026\/04\/Maui-Rotkreuzplatz-im-Sommer.jpeg\" class=\"has-border-color wp-post-image\" alt=\"Sommer in Neuhausen: Leichte K\u00fcche &amp; Cocktails am Rotkreuzplatz genie\u00dfen\" style=\"border-color:#000000;border-radius:5px;border-width:1px;height:350px;object-fit:cover;\" srcset=\"https:\/\/www.maui-restaurant.de\/blog\/wp-content\/uploads\/2026\/04\/Maui-Rotkreuzplatz-im-Sommer.jpeg 900w, https:\/\/www.maui-restaurant.de\/blog\/wp-content\/uploads\/2026\/04\/Maui-Rotkreuzplatz-im-Sommer-300x225.jpeg 300w, https:\/\/www.maui-restaurant.de\/blog\/wp-content\/uploads\/2026\/04\/Maui-Rotkreuzplatz-im-Sommer-768x576.jpeg 768w\" sizes=\"auto, (max-width: 900px) 100vw, 900px\" title=\"| MAUI Hawasian &amp; Vietnamese Restaurant M\u00fcnchen\"><\/a><\/figure>\n\n\n<div class=\"wp-block-group is-layout-flow wp-block-group-is-layout-flow\"><h2 style=\"margin-top:0px;\" class=\"wp-block-post-title has-text-color has-contrast-color\"><a href=\"https:\/\/www.maui-restaurant.de\/blog\/sommer-neuhausen-leichte-kueche\/\" target=\"_self\">Sommer in Neuhausen: Leichte K\u00fcche &amp; Cocktails am Rotkreuzplatz genie\u00dfen<\/a><\/h2>\n\n<div style=\"margin-top:0px;margin-right:0px;margin-bottom:0px;margin-left:0px;\" class=\"wp-block-post-date\"><time datetime=\"2026-04-22T14:09:52+02:00\"><a href=\"https:\/\/www.maui-restaurant.de\/blog\/sommer-neuhausen-leichte-kueche\/\">22. April 2026<\/a><\/time><\/div>\n\n<div style=\"margin-top:20px;margin-right:0px;margin-bottom:0px;margin-left:0px;\" class=\"wp-block-post-excerpt has-text-color has-contrast-color\"><p class=\"wp-block-post-excerpt__excerpt\">Frischer Genuss f\u00fcr hei\u00dfe Tage Wenn der Sommer in M\u00fcnchen Einzug h\u00e4lt und die Temperaturen steigen, ver\u00e4ndert sich auch, worauf wir Appetit haben. Statt schwerer Gerichte r\u00fccken frische, leichte und kreative Speisen in den Mittelpunkt \u2013 perfekt f\u00fcr lange Tage und warme Abende. Besonders in den Stadtteilen Nymphenburg und Neuhausen rund um den Rotkreuzplatz zeigt&#8230; <\/p><\/div><\/div>\n<\/div>\n\n<\/li><li class=\"wp-block-post post-639 post type-post status-publish format-standard has-post-thumbnail hentry category-allgemein\">\n\n<div class=\"wp-block-group alignwide is-nowrap is-layout-flex wp-container-core-group-is-layout-2b175ab0 wp-block-group-is-layout-flex\" style=\"border-bottom-color:var(--wp--preset--color--tertiary);border-bottom-width:1px;margin-bottom:40px;padding-top:0px;padding-bottom:40px\"><figure style=\"height:350px;\" class=\"alignwide wp-block-post-featured-image\"><a href=\"https:\/\/www.maui-restaurant.de\/blog\/poke-bowl-munchen\/\" target=\"_self\" style=\"height:350px\"><img loading=\"lazy\" decoding=\"async\" width=\"1200\" height=\"798\" src=\"https:\/\/www.maui-restaurant.de\/blog\/wp-content\/uploads\/2026\/03\/Poke-Bowls-Maui-1.jpg\" class=\"has-border-color wp-post-image\" alt=\"Pok\u00e9 Bowl M\u00fcnchen: Hawaiianischen Food-Trend erleben\" style=\"border-color:#000000;border-radius:5px;border-width:1px;height:350px;object-fit:cover;\" srcset=\"https:\/\/www.maui-restaurant.de\/blog\/wp-content\/uploads\/2026\/03\/Poke-Bowls-Maui-1.jpg 1200w, https:\/\/www.maui-restaurant.de\/blog\/wp-content\/uploads\/2026\/03\/Poke-Bowls-Maui-1-300x200.jpg 300w, https:\/\/www.maui-restaurant.de\/blog\/wp-content\/uploads\/2026\/03\/Poke-Bowls-Maui-1-1024x681.jpg 1024w, https:\/\/www.maui-restaurant.de\/blog\/wp-content\/uploads\/2026\/03\/Poke-Bowls-Maui-1-768x511.jpg 768w\" sizes=\"auto, (max-width: 1200px) 100vw, 1200px\" title=\"| MAUI Hawasian &amp; Vietnamese Restaurant M\u00fcnchen\"><\/a><\/figure>\n\n\n<div class=\"wp-block-group is-layout-flow wp-block-group-is-layout-flow\"><h2 style=\"margin-top:0px;\" class=\"wp-block-post-title has-text-color has-contrast-color\"><a href=\"https:\/\/www.maui-restaurant.de\/blog\/poke-bowl-munchen\/\" target=\"_self\">Pok\u00e9 Bowl M\u00fcnchen: Hawaiianischen Food-Trend erleben<\/a><\/h2>\n\n<div style=\"margin-top:0px;margin-right:0px;margin-bottom:0px;margin-left:0px;\" class=\"wp-block-post-date\"><time datetime=\"2026-03-17T10:21:03+01:00\"><a href=\"https:\/\/www.maui-restaurant.de\/blog\/poke-bowl-munchen\/\">17. March 2026<\/a><\/time><\/div>\n\n<div style=\"margin-top:20px;margin-right:0px;margin-bottom:0px;margin-left:0px;\" class=\"wp-block-post-excerpt has-text-color has-contrast-color\"><p class=\"wp-block-post-excerpt__excerpt\">Ihr liebt frische Bowls mit hochwertigen Zutaten in angenehmer Atmosph\u00e4re? Bei Maui in M\u00fcnchen erwartet euch eine gro\u00dfe Auswahl an leckeren Pok\u00e9 Bowls, die f\u00fcr jeden Geschmack etwas bereithalten. Ob klassisch mit frischem Fisch, vegetarisch oder vegan \u2013 unsere Bowls werden t\u00e4glich frisch zubereitet und individuell kombiniert. In entspannter Umgebung k\u00f6nnt ihr den hawaiianischen Food-Trend&#8230; <\/p><\/div><\/div>\n<\/div>\n\n<\/li><li class=\"wp-block-post post-631 post type-post status-publish format-standard has-post-thumbnail hentry category-allgemein\">\n\n<div class=\"wp-block-group alignwide is-nowrap is-layout-flex wp-container-core-group-is-layout-2b175ab0 wp-block-group-is-layout-flex\" style=\"border-bottom-color:var(--wp--preset--color--tertiary);border-bottom-width:1px;margin-bottom:40px;padding-top:0px;padding-bottom:40px\"><figure style=\"height:350px;\" class=\"alignwide wp-block-post-featured-image\"><a href=\"https:\/\/www.maui-restaurant.de\/blog\/restaurant-muenchen-sommer\/\" target=\"_self\" style=\"height:350px\"><img loading=\"lazy\" decoding=\"async\" width=\"1920\" height=\"2560\" src=\"https:\/\/www.maui-restaurant.de\/blog\/wp-content\/uploads\/2025\/11\/z5339345737474_946aac5c9f46168644d6fe7c8bfa5927.jpg\" class=\"has-border-color wp-post-image\" alt=\"Sommerabend in M\u00fcnchen \u2013 Restaurant mit guter Stimmung in der Innenstadt\" style=\"border-color:#000000;border-radius:5px;border-width:1px;height:350px;object-fit:cover;\" srcset=\"https:\/\/www.maui-restaurant.de\/blog\/wp-content\/uploads\/2025\/11\/z5339345737474_946aac5c9f46168644d6fe7c8bfa5927.jpg 1920w, https:\/\/www.maui-restaurant.de\/blog\/wp-content\/uploads\/2025\/11\/z5339345737474_946aac5c9f46168644d6fe7c8bfa5927-225x300.jpg 225w, https:\/\/www.maui-restaurant.de\/blog\/wp-content\/uploads\/2025\/11\/z5339345737474_946aac5c9f46168644d6fe7c8bfa5927-768x1024.jpg 768w, https:\/\/www.maui-restaurant.de\/blog\/wp-content\/uploads\/2025\/11\/z5339345737474_946aac5c9f46168644d6fe7c8bfa5927-1152x1536.jpg 1152w, https:\/\/www.maui-restaurant.de\/blog\/wp-content\/uploads\/2025\/11\/z5339345737474_946aac5c9f46168644d6fe7c8bfa5927-1536x2048.jpg 1536w, https:\/\/www.maui-restaurant.de\/blog\/wp-content\/uploads\/2025\/11\/z5339345737474_946aac5c9f46168644d6fe7c8bfa5927-600x800.jpg 600w\" sizes=\"auto, (max-width: 1920px) 100vw, 1920px\" title=\"| MAUI Hawasian &amp; Vietnamese Restaurant M\u00fcnchen\"><\/a><\/figure>\n\n\n<div class=\"wp-block-group is-layout-flow wp-block-group-is-layout-flow\"><h2 style=\"margin-top:0px;\" class=\"wp-block-post-title has-text-color has-contrast-color\"><a href=\"https:\/\/www.maui-restaurant.de\/blog\/restaurant-muenchen-sommer\/\" target=\"_self\">Sommerabend in M\u00fcnchen \u2013 Restaurant mit guter Stimmung in der Innenstadt<\/a><\/h2>\n\n<div style=\"margin-top:0px;margin-right:0px;margin-bottom:0px;margin-left:0px;\" class=\"wp-block-post-date\"><time datetime=\"2026-03-02T20:24:33+01:00\"><a href=\"https:\/\/www.maui-restaurant.de\/blog\/restaurant-muenchen-sommer\/\">2. March 2026<\/a><\/time><\/div>\n\n<div style=\"margin-top:20px;margin-right:0px;margin-bottom:0px;margin-left:0px;\" class=\"wp-block-post-excerpt has-text-color has-contrast-color\"><p class=\"wp-block-post-excerpt__excerpt\">Wenn die Hitze des Tages langsam nachl\u00e4sst und das Licht der untergehenden Sonne die Ludwigstra\u00dfe in ein warmes Gold taucht, beginnt in M\u00fcnchen eine ganz eigene Tageszeit. Ein Sommerabend in M\u00fcnchen f\u00fchlt sich anders an als jeder andere Abend im Jahr. Gespr\u00e4che dauern l\u00e4nger, spontane Treffen entstehen, und der Feierabend wird nicht beendet \u2013 sondern&#8230; <\/p><\/div><\/div>\n<\/div>\n\n<\/li><li class=\"wp-block-post post-608 post type-post status-publish format-standard has-post-thumbnail hentry category-allgemein\">\n\n<div class=\"wp-block-group alignwide is-nowrap is-layout-flex wp-container-core-group-is-layout-2b175ab0 wp-block-group-is-layout-flex\" style=\"border-bottom-color:var(--wp--preset--color--tertiary);border-bottom-width:1px;margin-bottom:40px;padding-top:0px;padding-bottom:40px\"><figure style=\"height:350px;\" class=\"alignwide wp-block-post-featured-image\"><a href=\"https:\/\/www.maui-restaurant.de\/blog\/after-work-muenchen\/\" target=\"_self\" style=\"height:350px\"><img loading=\"lazy\" decoding=\"async\" width=\"2048\" height=\"1537\" src=\"https:\/\/www.maui-restaurant.de\/blog\/wp-content\/uploads\/2026\/02\/MAUI-Hawasian-Vietnamese-Restaurant-Munchen-Ludwigpalais-drinnen-Restaurant-61.jpg\" class=\"has-border-color wp-post-image\" alt=\"After-Work Dinner in M\u00fcnchen\" style=\"border-color:#000000;border-radius:5px;border-width:1px;height:350px;object-fit:cover;\" srcset=\"https:\/\/www.maui-restaurant.de\/blog\/wp-content\/uploads\/2026\/02\/MAUI-Hawasian-Vietnamese-Restaurant-Munchen-Ludwigpalais-drinnen-Restaurant-61.jpg 2048w, https:\/\/www.maui-restaurant.de\/blog\/wp-content\/uploads\/2026\/02\/MAUI-Hawasian-Vietnamese-Restaurant-Munchen-Ludwigpalais-drinnen-Restaurant-61-300x225.jpg 300w, https:\/\/www.maui-restaurant.de\/blog\/wp-content\/uploads\/2026\/02\/MAUI-Hawasian-Vietnamese-Restaurant-Munchen-Ludwigpalais-drinnen-Restaurant-61-1024x769.jpg 1024w, https:\/\/www.maui-restaurant.de\/blog\/wp-content\/uploads\/2026\/02\/MAUI-Hawasian-Vietnamese-Restaurant-Munchen-Ludwigpalais-drinnen-Restaurant-61-768x576.jpg 768w, https:\/\/www.maui-restaurant.de\/blog\/wp-content\/uploads\/2026\/02\/MAUI-Hawasian-Vietnamese-Restaurant-Munchen-Ludwigpalais-drinnen-Restaurant-61-1536x1153.jpg 1536w\" sizes=\"auto, (max-width: 2048px) 100vw, 2048px\" title=\"| MAUI Hawasian &amp; Vietnamese Restaurant M\u00fcnchen\"><\/a><\/figure>\n\n\n<div class=\"wp-block-group is-layout-flow wp-block-group-is-layout-flow\"><h2 style=\"margin-top:0px;\" class=\"wp-block-post-title has-text-color has-contrast-color\"><a href=\"https:\/\/www.maui-restaurant.de\/blog\/after-work-muenchen\/\" target=\"_self\">After-Work Dinner in M\u00fcnchen<\/a><\/h2>\n\n<div style=\"margin-top:0px;margin-right:0px;margin-bottom:0px;margin-left:0px;\" class=\"wp-block-post-date\"><time datetime=\"2026-02-26T11:24:00+01:00\"><a href=\"https:\/\/www.maui-restaurant.de\/blog\/after-work-muenchen\/\">26. February 2026<\/a><\/time><\/div>\n\n<div style=\"margin-top:20px;margin-right:0px;margin-bottom:0px;margin-left:0px;\" class=\"wp-block-post-excerpt has-text-color has-contrast-color\"><p class=\"wp-block-post-excerpt__excerpt\">Wenn der Arbeitstag endet und der Abend beginnt M\u00fcnchen ist eine Stadt, in der Arbeit und Lebensqualit\u00e4t nah beieinanderliegen. Besonders rund um die Ludwigstra\u00dfe, den Odeonsplatz und die Maxvorstadt endet f\u00fcr viele Berufst\u00e4tige der Tag nicht mit dem letzten Termin \u2013 sondern mit einem gemeinsamen Abendessen. Die Suche nach einem passenden Ort f\u00fcr ein After-Work&#8230; <\/p><\/div><\/div>\n<\/div>\n\n<\/li><li class=\"wp-block-post post-597 post type-post status-publish format-standard has-post-thumbnail hentry category-allgemein\">\n\n<div class=\"wp-block-group alignwide is-nowrap is-layout-flex wp-container-core-group-is-layout-2b175ab0 wp-block-group-is-layout-flex\" style=\"border-bottom-color:var(--wp--preset--color--tertiary);border-bottom-width:1px;margin-bottom:40px;padding-top:0px;padding-bottom:40px\"><figure style=\"height:350px;\" class=\"alignwide wp-block-post-featured-image\"><a href=\"https:\/\/www.maui-restaurant.de\/blog\/business-lunch-nymphenburg\/\" target=\"_self\" style=\"height:350px\"><img loading=\"lazy\" decoding=\"async\" width=\"1920\" height=\"2560\" src=\"https:\/\/www.maui-restaurant.de\/blog\/wp-content\/uploads\/2026\/02\/MAUI-Hawasian-Vietnamese-Restaurant-Munchen-Nymphenburg-warme-Gerichte-5-scaled.jpg\" class=\"has-border-color wp-post-image\" alt=\"Business-Lunch in M\u00fcnchen Nymphenburg\" style=\"border-color:#000000;border-radius:5px;border-width:1px;height:350px;object-fit:cover;\" srcset=\"https:\/\/www.maui-restaurant.de\/blog\/wp-content\/uploads\/2026\/02\/MAUI-Hawasian-Vietnamese-Restaurant-Munchen-Nymphenburg-warme-Gerichte-5-scaled.jpg 1920w, https:\/\/www.maui-restaurant.de\/blog\/wp-content\/uploads\/2026\/02\/MAUI-Hawasian-Vietnamese-Restaurant-Munchen-Nymphenburg-warme-Gerichte-5-225x300.jpg 225w, https:\/\/www.maui-restaurant.de\/blog\/wp-content\/uploads\/2026\/02\/MAUI-Hawasian-Vietnamese-Restaurant-Munchen-Nymphenburg-warme-Gerichte-5-768x1024.jpg 768w, https:\/\/www.maui-restaurant.de\/blog\/wp-content\/uploads\/2026\/02\/MAUI-Hawasian-Vietnamese-Restaurant-Munchen-Nymphenburg-warme-Gerichte-5-1152x1536.jpg 1152w, https:\/\/www.maui-restaurant.de\/blog\/wp-content\/uploads\/2026\/02\/MAUI-Hawasian-Vietnamese-Restaurant-Munchen-Nymphenburg-warme-Gerichte-5-1536x2048.jpg 1536w\" sizes=\"auto, (max-width: 1920px) 100vw, 1920px\" title=\"| MAUI Hawasian &amp; Vietnamese Restaurant M\u00fcnchen\"><\/a><\/figure>\n\n\n<div class=\"wp-block-group is-layout-flow wp-block-group-is-layout-flow\"><h2 style=\"margin-top:0px;\" class=\"wp-block-post-title has-text-color has-contrast-color\"><a href=\"https:\/\/www.maui-restaurant.de\/blog\/business-lunch-nymphenburg\/\" target=\"_self\">Business-Lunch in M\u00fcnchen Nymphenburg<\/a><\/h2>\n\n<div style=\"margin-top:0px;margin-right:0px;margin-bottom:0px;margin-left:0px;\" class=\"wp-block-post-date\"><time datetime=\"2026-02-25T14:11:58+01:00\"><a href=\"https:\/\/www.maui-restaurant.de\/blog\/business-lunch-nymphenburg\/\">25. February 2026<\/a><\/time><\/div>\n\n<div style=\"margin-top:20px;margin-right:0px;margin-bottom:0px;margin-left:0px;\" class=\"wp-block-post-excerpt has-text-color has-contrast-color\"><p class=\"wp-block-post-excerpt__excerpt\">Wer in M\u00fcnchen mittags essen geht, sucht selten \u201edas perfekte Restaurant\u201c \u2013 sondern eine L\u00f6sung, die im Alltag funktioniert. Besonders rund um den Rotkreuzplatz treffen sehr unterschiedliche Bed\u00fcrfnisse aufeinander: Rentnerinnen und Rentner aus Neuhausen, Menschen, die in der Gegend einkaufen, M\u00fctter mit kleinen Kindern, Mitarbeitende im Home-Office \u2013 und ja, auch kleine Gesch\u00e4ftstermine, die lieber&#8230; <\/p><\/div><\/div>\n<\/div>\n\n<\/li><li class=\"wp-block-post post-548 post type-post status-publish format-standard has-post-thumbnail hentry category-allgemein\">\n\n<div class=\"wp-block-group alignwide is-nowrap is-layout-flex wp-container-core-group-is-layout-2b175ab0 wp-block-group-is-layout-flex\" style=\"border-bottom-color:var(--wp--preset--color--tertiary);border-bottom-width:1px;margin-bottom:40px;padding-top:0px;padding-bottom:40px\"><figure style=\"height:350px;\" class=\"alignwide wp-block-post-featured-image\"><a href=\"https:\/\/www.maui-restaurant.de\/blog\/valentinstag-munich-downtown\/\" target=\"_self\" style=\"height:350px\"><img loading=\"lazy\" decoding=\"async\" width=\"2560\" height=\"1707\" src=\"https:\/\/www.maui-restaurant.de\/blog\/wp-content\/uploads\/2026\/01\/stylisches-MAUI-Hawasian-Vietnamese-Restaurant-Munchen-Ludwigpalais-Restaurant-scaled.jpg\" class=\"has-border-color wp-post-image\" alt=\"Valentinstag Men\u00fc in M\u00fcnchen Innenstadt\" style=\"border-color:#000000;border-radius:5px;border-width:1px;height:350px;object-fit:cover;\" srcset=\"https:\/\/www.maui-restaurant.de\/blog\/wp-content\/uploads\/2026\/01\/stylisches-MAUI-Hawasian-Vietnamese-Restaurant-Munchen-Ludwigpalais-Restaurant-scaled.jpg 2560w, https:\/\/www.maui-restaurant.de\/blog\/wp-content\/uploads\/2026\/01\/stylisches-MAUI-Hawasian-Vietnamese-Restaurant-Munchen-Ludwigpalais-Restaurant-300x200.jpg 300w, https:\/\/www.maui-restaurant.de\/blog\/wp-content\/uploads\/2026\/01\/stylisches-MAUI-Hawasian-Vietnamese-Restaurant-Munchen-Ludwigpalais-Restaurant-1024x683.jpg 1024w, https:\/\/www.maui-restaurant.de\/blog\/wp-content\/uploads\/2026\/01\/stylisches-MAUI-Hawasian-Vietnamese-Restaurant-Munchen-Ludwigpalais-Restaurant-768x512.jpg 768w, https:\/\/www.maui-restaurant.de\/blog\/wp-content\/uploads\/2026\/01\/stylisches-MAUI-Hawasian-Vietnamese-Restaurant-Munchen-Ludwigpalais-Restaurant-1536x1024.jpg 1536w, https:\/\/www.maui-restaurant.de\/blog\/wp-content\/uploads\/2026\/01\/stylisches-MAUI-Hawasian-Vietnamese-Restaurant-Munchen-Ludwigpalais-Restaurant-2048x1365.jpg 2048w\" sizes=\"auto, (max-width: 2560px) 100vw, 2560px\" title=\"| MAUI Hawasian &amp; Vietnamese Restaurant M\u00fcnchen\"><\/a><\/figure>\n\n\n<div class=\"wp-block-group is-layout-flow wp-block-group-is-layout-flow\"><h2 style=\"margin-top:0px;\" class=\"wp-block-post-title has-text-color has-contrast-color\"><a href=\"https:\/\/www.maui-restaurant.de\/blog\/valentinstag-munich-downtown\/\" target=\"_self\">Valentinstag Men\u00fc in M\u00fcnchen Innenstadt<\/a><\/h2>\n\n<div style=\"margin-top:0px;margin-right:0px;margin-bottom:0px;margin-left:0px;\" class=\"wp-block-post-date\"><time datetime=\"2026-01-23T08:54:47+01:00\"><a href=\"https:\/\/www.maui-restaurant.de\/blog\/valentinstag-munich-downtown\/\">23. January 2026<\/a><\/time><\/div>\n\n<div style=\"margin-top:20px;margin-right:0px;margin-bottom:0px;margin-left:0px;\" class=\"wp-block-post-excerpt has-text-color has-contrast-color\"><p class=\"wp-block-post-excerpt__excerpt\">Fine Dining beim MAUI im Ludwigpalais Wer ein besonderes Restaurant f\u00fcr den Valentinstag in M\u00fcnchen sucht, findet imMAUI \u2013 Hawasian &amp; Vietnamese Restaurant | M\u00fcnchen Ludwigpalais eine stilvolle Adressef\u00fcr einen au\u00dfergew\u00f6hnlichen Abend zu zweit. Die Lage an der Ludwigstra\u00dfe macht das Restaurant besonders attraktiv f\u00fcr Paare aus der Innenstadt und aus Stadtteilen wie Lehel, Maxvorstadt,&#8230; <\/p><\/div><\/div>\n<\/div>\n\n<\/li><\/ul>\n\n\n<div class=\"wp-block-group alignwide has-global-padding is-layout-constrained wp-block-group-is-layout-constrained\" style=\"margin-top:29px;margin-bottom:60px\"><nav class=\"alignwide wp-block-query-pagination has-text-color has-base-color is-content-justification-space-between is-layout-flex wp-container-core-query-pagination-is-layout-b2891da8 wp-block-query-pagination-is-layout-flex\" aria-label=\"Pagination\">\n\n\n<a href=\"\/blog\/wp-json\/wp\/v2\/pages\/150?query-0-page=2\" style=\"font-size:clamp(1.001rem, 1.001rem + ((1vw - 0.2rem) * 0.962), 1.53rem);\" class=\"wp-block-query-pagination-next\">Next Page<span class='wp-block-query-pagination-next-arrow is-arrow-arrow' aria-hidden='true'>\u2192<\/span><\/a>\n<\/nav><\/div>\n<\/div>\n<\/main>\n\n\n<div class=\"wp-block-group has-background\" style=\"border-top-style: none; border-top-width: 0px; background-color: #fafafa; padding-top: 80px; padding-bottom: 80px;\">\n<p>[instagram-feed feed=1]<\/p>\n<\/div>\n<p><!-- \/wp:post-content --><\/p>\n<p><!-- wp:group {\"tagName\":\"main\",\"layout\":{\"type\":\"default\"}} --><\/p>\n<main class=\"wp-block-group\"><!-- wp:group {\"className\":\"author-introduction-pattern\",\"style\":{\"spacing\":{\"padding\":{\"top\":\"60px\",\"bottom\":\"60px\"}}},\"layout\":{\"type\":\"constrained\",\"contentSize\":\"800px\"}} --><\/main>\n<div class=\"wp-block-group author-introduction-pattern\" style=\"padding-top: 60px; padding-bottom: 60px;\"><!-- wp:heading -->\n<h2 class=\"wp-block-heading\">Aloha trifft Vietnam \u2013 Die kulinarische Seele des MAUI Blogs M\u00fcnchen<\/h2>\n<p><!-- \/wp:heading --><\/p>\n<p><!-- wp:paragraph {\"textColor\":\"secondary\"} --><\/p>\n<p class=\"has-secondary-color has-text-color\">Der <strong>MAUI Blog<\/strong> ist die kulinarische Stimme des <strong><a href=\"https:\/\/share.google\/Um0HhWALQnTSqp5Pl\" target=\"_blank\" rel=\"noopener\">MAUI Hawasian &amp; Vietnamese Restaurant | M\u00fcnchen<\/a> <a href=\"https:\/\/www.maui-restaurant.de\/am-rotkreuzplatz\" data-type=\"link\" data-id=\"https:\/\/www.maui-restaurant.de\/am-rotkreuzplatz\">Nymphenburg <\/a>und <a href=\"https:\/\/www.maui-restaurant.de\/im-ludwigpalais\">Odeonsplatz<\/a><\/strong>. Hier feiern wir die Verbindung zweier faszinierender Welten: die <strong>aromatische, frische vietnamesische K\u00fcche<\/strong> und den <strong>sonnigen, entspannten Aloha-Spirit Hawaiis<\/strong>. Beide vereinen sich bei uns zu einem einzigartigen Geschmackserlebnis mitten in M\u00fcnchen.<\/p>\n<p><!-- \/wp:paragraph --><\/p>\n<p><!-- wp:paragraph --><\/p>\n<p>Unsere Beitr\u00e4ge erz\u00e4hlen <strong>Foodstories, Rezepte und Trends<\/strong> aus der <strong>vietnamesischen und hawaiianischen K\u00fcche<\/strong>, erg\u00e4nzt durch Einblicke in die moderne <strong><a href=\"https:\/\/www.maui-restaurant.de\/asiatisches-restaurant-muenchen\">asiatische<\/a> Foodszene<\/strong>. Entdeckt, wo man das <strong>beste Mittagessen in M\u00fcnchen<\/strong> genie\u00dft, welche <strong>Restaurants echte <\/strong><a href=\"https:\/\/www.maui-restaurant.de\/restaurant-muenchen-geheimtipp\"><strong>Geheimtipps<\/strong> <\/a>sind und warum das MAUI-Erlebnis mehr als nur gutes Essen bedeutet.<\/p>\n<p><!-- \/wp:paragraph --><\/p>\n<p><!-- wp:paragraph {\"textColor\":\"secondary\"} --><\/p>\n<p class=\"has-secondary-color has-text-color\">Begleitet uns auf einer kulinarischen Reise voller Farben, Aromen und Geschichten \u2013 direkt aus M\u00fcnchen, mit Leidenschaft, Kreativit\u00e4t und echtem Aloha-Spirit.<\/p>\n<p><!-- \/wp:paragraph --><\/p>\n<p><!-- wp:group {\"layout\":{\"type\":\"constrained\"}} --><\/p>\n<div class=\"wp-block-group\"><!-- wp:media-text {\"align\":\"wide\",\"mediaId\":3459,\"mediaType\":\"image\",\"mediaWidth\":12,\"mediaSizeSlug\":\"thumbnail\",\"imageFill\":false} -->\n<div class=\"wp-block-media-text alignwide is-stacked-on-mobile\" style=\"grid-template-columns: 120px auto;\">\n<figure class=\"wp-block-media-text__media\"><img loading=\"lazy\" decoding=\"async\" class=\"wp-image-3459 size-thumbnail\" style=\"max-width: 120px; height: auto;\" src=\"https:\/\/www.maui-restaurant.de\/blog\/wp-content\/themes\/the-minimal-blogger\/assets\/images\/Logo.jpg\" alt=\"MAUI Editorial Team\" width=\"120\" height=\"120\" title=\"| MAUI Hawasian &amp; Vietnamese Restaurant M\u00fcnchen\"><\/figure>\n<div class=\"wp-block-media-text__content\"><!-- wp:paragraph {\"fontSize\":\"large\",\"fontFamily\":\"dm-serif-display\"} -->\n<p class=\"has-dm-serif-display-font-family has-large-font-size\" style=\"margin: 0;\">MAUI Editorial Team<\/p>\n<p><!-- \/wp:paragraph --><\/p>\n<p><!-- wp:paragraph {\"style\":{\"spacing\":{\"margin\":{\"top\":\"4px\"}}}} --><\/p>\n<p style=\"margin-top: 4px;\">Culinary Writers &amp; Food Enthusiasts from MAUI Hawasian &amp; Vietnamese Restaurant | M\u00fcnchen Nymphenburg &amp; Odeonsplatz<\/p>\n<p><!-- \/wp:paragraph --><\/p>\n<\/div>\n<\/div>\n<p><!-- \/wp:media-text --><\/p>\n<\/div>\n<p><!-- \/wp:group --><\/p>\n<\/div>\n<p><!-- \/wp:group --><br \/><!-- \/wp:group --><\/p>\n<p><!-- wp:template-part {\"slug\":\"footer\",\"theme\":\"the-minimal-blogger\",\"tagName\":\"footer\"} \/--><\/p>","protected":false},"excerpt":{"rendered":"<p>[instagram-feed feed=1] Aloha trifft Vietnam \u2013 Die kulinarische Seele des MAUI Blogs M\u00fcnchen Der MAUI Blog ist die kulinarische Stimme des MAUI Hawasian &amp; Vietnamese Restaurant | M\u00fcnchen Nymphenburg und Odeonsplatz. Hier feiern wir die Verbindung zweier faszinierender Welten: die aromatische, frische vietnamesische K\u00fcche und den sonnigen, entspannten Aloha-Spirit Hawaiis. Beide vereinen sich bei uns&#8230;<\/p>\n","protected":false},"author":1,"featured_media":0,"parent":0,"menu_order":0,"comment_status":"closed","ping_status":"closed","template":"","meta":{"_oct_exclude_from_cache":false,"footnotes":""},"class_list":["post-150","page","type-page","status-publish","hentry"],"_links":{"self":[{"href":"https:\/\/www.maui-restaurant.de\/blog\/wp-json\/wp\/v2\/pages\/150","targetHints":{"allow":["GET"]}}],"collection":[{"href":"https:\/\/www.maui-restaurant.de\/blog\/wp-json\/wp\/v2\/pages"}],"about":[{"href":"https:\/\/www.maui-restaurant.de\/blog\/wp-json\/wp\/v2\/types\/page"}],"author":[{"embeddable":true,"href":"https:\/\/www.maui-restaurant.de\/blog\/wp-json\/wp\/v2\/users\/1"}],"replies":[{"embeddable":true,"href":"https:\/\/www.maui-restaurant.de\/blog\/wp-json\/wp\/v2\/comments?post=150"}],"version-history":[{"count":3,"href":"https:\/\/www.maui-restaurant.de\/blog\/wp-json\/wp\/v2\/pages\/150\/revisions"}],"predecessor-version":[{"id":502,"href":"https:\/\/www.maui-restaurant.de\/blog\/wp-json\/wp\/v2\/pages\/150\/revisions\/502"}],"wp:attachment":[{"href":"https:\/\/www.maui-restaurant.de\/blog\/wp-json\/wp\/v2\/media?parent=150"}],"curies":[{"name":"wp","href":"https:\/\/api.w.org\/{rel}","templated":true}]}}